{"id":551,"date":"2025-02-03T16:18:05","date_gmt":"2025-02-03T15:18:05","guid":{"rendered":"https:\/\/el-gran-dialogo.gabinetecomunicacionyeducacion.com\/el-gran-dialeg\/"},"modified":"2025-07-02T00:34:33","modified_gmt":"2025-07-01T22:34:33","slug":"el-gran-dialeg","status":"publish","type":"page","link":"https:\/\/el-gran-dialogo.gabinetecomunicacionyeducacion.com\/ca\/","title":{"rendered":"El gran di\u00e1logo"},"content":{"rendered":"<p>[et_pb_section fb_built=&#8221;1&#8243; _builder_version=&#8221;4.27.4&#8243; _module_preset=&#8221;default&#8221; background_image=&#8221;https:\/\/el-gran-dialogo.gabinetecomunicacionyeducacion.com\/wp-content\/uploads\/2025\/02\/img-bkg-detall-home.jpg&#8221; background_size=&#8221;initial&#8221; background_position=&#8221;top_right&#8221; animation_style=&#8221;slide&#8221; animation_direction=&#8221;top&#8221; animation_intensity_slide=&#8221;1%&#8221; global_colors_info=&#8221;{}&#8221;][et_pb_row column_structure=&#8221;1_2,1_2&#8243; use_custom_gutter=&#8221;on&#8221; gutter_width=&#8221;1&#8243; make_equal=&#8221;on&#8221; _builder_version=&#8221;4.27.4&#8243; _module_preset=&#8221;default&#8221; background_enable_image=&#8221;off&#8221; background_size=&#8221;initial&#8221; background_position=&#8221;top_right&#8221; background_horizontal_offset=&#8221;0%&#8221; background_vertical_offset=&#8221;0%&#8221; custom_padding=&#8221;0px||0px||true|false&#8221; global_colors_info=&#8221;{}&#8221;][et_pb_column type=&#8221;1_2&#8243; _builder_version=&#8221;4.27.4&#8243; _module_preset=&#8221;default&#8221; global_colors_info=&#8221;{}&#8221;][et_pb_image src=&#8221;https:\/\/el-gran-dialogo.gabinetecomunicacionyeducacion.com\/wp-content\/uploads\/2025\/02\/image-header.png&#8221; title_text=&#8221;Captura de pantalla 2025-02-04 a les 15.37.07&#8243; align_tablet=&#8221;left&#8221; align_phone=&#8221;left&#8221; align_last_edited=&#8221;on|phone&#8221; _builder_version=&#8221;4.27.4&#8243; _module_preset=&#8221;default&#8221; custom_padding=&#8221;30px||||false|false&#8221; global_colors_info=&#8221;{}&#8221;][\/et_pb_image][\/et_pb_column][et_pb_column type=&#8221;1_2&#8243; _builder_version=&#8221;4.27.4&#8243; _module_preset=&#8221;default&#8221; global_colors_info=&#8221;{}&#8221;][et_pb_text _builder_version=&#8221;4.27.4&#8243; _module_preset=&#8221;default&#8221; header_2_font=&#8221;||||||||&#8221; header_2_font_size=&#8221;115px&#8221; header_2_line_height=&#8221;132px&#8221; custom_padding=&#8221;15px|||15px|false|false&#8221; header_2_font_size_tablet=&#8221;80px&#8221; header_2_font_size_phone=&#8221;80px&#8221; header_2_font_size_last_edited=&#8221;on|phone&#8221; global_colors_info=&#8221;{}&#8221;]<\/p>\n<h2>El gran di\u00e0leg<\/h2>\n<p>[\/et_pb_text][\/et_pb_column][\/et_pb_row][et_pb_row _builder_version=&#8221;4.27.4&#8243; _module_preset=&#8221;default&#8221; background_enable_image=&#8221;off&#8221; background_size=&#8221;initial&#8221; background_position=&#8221;top_right&#8221; background_horizontal_offset=&#8221;0%&#8221; background_vertical_offset=&#8221;0%&#8221; max_width_tablet=&#8221;775px&#8221; max_width_phone=&#8221;775px&#8221; max_width_last_edited=&#8221;on|phone&#8221; module_alignment=&#8221;center&#8221; custom_padding=&#8221;||0px||false|false&#8221; global_colors_info=&#8221;{}&#8221;][et_pb_column type=&#8221;4_4&#8243; _builder_version=&#8221;4.27.4&#8243; _module_preset=&#8221;default&#8221; global_colors_info=&#8221;{}&#8221;][et_pb_text _builder_version=&#8221;4.27.4&#8243; _module_preset=&#8221;default&#8221; text_font=&#8221;||||||||&#8221; text_font_size=&#8221;20px&#8221; text_line_height=&#8221;28px&#8221; max_width=&#8221;660px&#8221; module_alignment=&#8221;center&#8221; global_colors_info=&#8221;{}&#8221;]<\/p>\n<p><strong>El Gabinet de Comunicaci\u00f3 i Educaci\u00f3<\/strong> de la <strong>Universitat Aut\u00f2noma de Barcelona (UAB)<\/strong> , sota la direcci\u00f3 de <strong>Santiago Tejedor<\/strong> i amb el suport del <strong>Departament de Recerca i Universitats de la Generalitat de Catalunya<\/strong> , presenta <strong>&#8216;El gran di\u00e0leg&#8217;.<\/strong><\/p>\n<p>[\/et_pb_text][\/et_pb_column][\/et_pb_row][\/et_pb_section][et_pb_section fb_built=&#8221;1&#8243; _builder_version=&#8221;4.27.4&#8243; _module_preset=&#8221;default&#8221; background_color=&#8221;#0C71C3&#8243; background_image=&#8221;https:\/\/el-gran-dialogo.gabinetecomunicacionyeducacion.com\/wp-content\/uploads\/2025\/02\/Captura_de_pantalla_2025-02-06_a_las_14.30.42-removebg-preview.png&#8221; background_size=&#8221;initial&#8221; background_position=&#8221;bottom_left&#8221; animation_style=&#8221;slide&#8221; animation_direction=&#8221;top&#8221; animation_intensity_slide=&#8221;1%&#8221; animation_starting_opacity=&#8221;100%&#8221; global_colors_info=&#8221;{}&#8221;][et_pb_row column_structure=&#8221;2_5,3_5&#8243; use_custom_gutter=&#8221;on&#8221; gutter_width=&#8221;2&#8243; make_equal=&#8221;on&#8221; _builder_version=&#8221;4.27.4&#8243; _module_preset=&#8221;default&#8221; background_enable_image=&#8221;off&#8221; background_size=&#8221;initial&#8221; background_position=&#8221;bottom_left&#8221; background_blend=&#8221;color&#8221; custom_padding=&#8221;0px||0px||true|false&#8221; global_colors_info=&#8221;{}&#8221;][et_pb_column type=&#8221;2_5&#8243; _builder_version=&#8221;4.27.4&#8243; _module_preset=&#8221;default&#8221; background_enable_image=&#8221;off&#8221; background_size=&#8221;contain&#8221; background_position=&#8221;bottom_left&#8221; background_horizontal_offset=&#8221;0%&#8221; background_vertical_offset=&#8221;0%&#8221; global_colors_info=&#8221;{}&#8221;][et_pb_text _builder_version=&#8221;4.27.4&#8243; _module_preset=&#8221;default&#8221; text_font=&#8221;|700|||||||&#8221; text_font_size=&#8221;20px&#8221; text_line_height=&#8221;28px&#8221; header_2_font=&#8221;||||||||&#8221; header_2_text_color=&#8221;#FFFFFF&#8221; header_2_font_size=&#8221;50px&#8221; header_2_font_size_tablet=&#8221;50px&#8221; header_2_font_size_phone=&#8221;47px&#8221; header_2_font_size_last_edited=&#8221;on|phone&#8221; global_colors_info=&#8221;{}&#8221;]<\/p>\n<h2>Qu\u00e8 \u00e9s <strong>&#8216;El gran di\u00e0leg<\/strong> &#8216;?<\/h2>\n<p>[\/et_pb_text][et_pb_text _builder_version=&#8221;4.27.4&#8243; _module_preset=&#8221;default&#8221; text_font=&#8221;||||||||&#8221; text_text_color=&#8221;#FFFFFF&#8221; text_font_size=&#8221;20px&#8221; text_line_height=&#8221;28px&#8221; global_colors_info=&#8221;{}&#8221;]<\/p>\n<p>Una s\u00e8rie de <strong>14 trobades virtuals<\/strong> per discutir temes clau a la vida professional i personal de la comunitat universit\u00e0ria.<\/p>\n<p>Aquests debats, que es desenvoluparan entre el novembre del 2024 i l&#8217;octubre del 2025, convoquen universitats, docents, estudiants i actors socials d&#8217;Iberoam\u00e8rica amb l&#8217;objectiu d&#8217;enfortir la connexi\u00f3 entre l&#8217;\u00e0mbit acad\u00e8mic i la societat.<\/p>\n<p>[\/et_pb_text][\/et_pb_column][et_pb_column type=&#8221;3_5&#8243; _builder_version=&#8221;4.27.4&#8243; _module_preset=&#8221;default&#8221; custom_padding=&#8221;|||40px|false|false&#8221; custom_padding_tablet=&#8221;|||0px|false|false&#8221; custom_padding_phone=&#8221;|||0px|false|false&#8221; custom_padding_last_edited=&#8221;on|phone&#8221; border_width_left=&#8221;1px&#8221; border_color_left=&#8221;#FFFFFF&#8221; border_width_all_tablet=&#8221;&#8221; border_width_all_phone=&#8221;&#8221; border_width_all_last_edited=&#8221;on|desktop&#8221; border_width_left_tablet=&#8221;0px&#8221; border_width_left_phone=&#8221;0px&#8221; border_width_left_last_edited=&#8221;on|tablet&#8221; global_colors_info=&#8221;{}&#8221;][et_pb_text _builder_version=&#8221;4.27.4&#8243; _module_preset=&#8221;default&#8221; text_font=&#8221;|700|||||||&#8221; text_text_color=&#8221;#FFFFFF&#8221; text_font_size=&#8221;20px&#8221; text_line_height=&#8221;28px&#8221; custom_margin=&#8221;||40px||false|false&#8221; global_colors_info=&#8221;{}&#8221;]<\/p>\n<p><b><span data-contrast=\"none\">&#8216;El gran di\u00e0leg&#8217; abasta dues iniciatives principals:<\/span><\/b><span data-ccp-props=\"{\"134233117\":false,\"134233118\":false,\"201341983\":0,\"335557856\":16777215,\"335559738\":0,\"335559739\":165,\"335559740\":240}\"> <\/span><\/p>\n<p>[\/et_pb_text][et_pb_blurb title=&#8221;Pandemials: No est\u00e0s sol!&#8221; url=&#8221;@ET-DC@eyJkeW5hbWljIjp0cnVlLCJjb250ZW50IjoicG9zdF9saW5rX3VybF9wYWdlIiwic2V0dGluZ3MiOnsicG9zdF9pZCI6IjExIn19@&#8221; image=&#8221;https:\/\/el-gran-dialogo.gabinetecomunicacionyeducacion.com\/wp-content\/uploads\/2025\/02\/Captura-de-pantalla-2025-02-04-a-las-18.44.17.png&#8221; icon_placement=&#8221;left&#8221; image_icon_width=&#8221;190px&#8221; icon_placement_tablet=&#8221;left&#8221; icon_placement_phone=&#8221;top&#8221; icon_placement_last_edited=&#8221;on|phone&#8221; image_icon_width_tablet=&#8221;175px&#8221; image_icon_width_phone=&#8221;215px&#8221; image_icon_width_last_edited=&#8221;on|phone&#8221; _builder_version=&#8221;4.27.4&#8243; _dynamic_attributes=&#8221;url&#8221; _module_preset=&#8221;default&#8221; header_font=&#8221;||||||||&#8221; header_font_size=&#8221;25px&#8221; body_font=&#8221;|300|||||||&#8221; body_font_size=&#8221;14px&#8221; body_line_height=&#8221;20px&#8221; background_color=&#8221;#FFFFFF&#8221; custom_margin=&#8221;||20px||false|false&#8221; custom_padding=&#8221;30px|30px|30px|30px|true|true&#8221; header_font_size_tablet=&#8221;25px&#8221; header_font_size_phone=&#8221;20px&#8221; header_font_size_last_edited=&#8221;on|phone&#8221; border_radii=&#8221;on|25px|25px|25px|25px&#8221; global_colors_info=&#8221;{}&#8221;]<span data-contrast=\"none\">Pandemials: No est\u00e0s sol!<b><\/b> aborda la gesti\u00f3 de la solitud a l&#8217;\u00e0mbit universitari, un fenomen creixent a l&#8217;era digital. A trav\u00e9s d&#8217;aquests di\u00e0legs, es tractaran temes com l&#8217;ansietat, l&#8217;autocura i els reptes de l&#8217;empatia i la comunicaci\u00f3 digital, amb l&#8217;objectiu de desestigmatitzar la soledat i promoure&#8217;n el suport mutu.<br \/>\n<a class=\"egd-black-lin\" href=\"https:\/\/el-gran-dialogo.gabinetecomunicacionyeducacion.com\/ca\/pandemials\/\">Veure m\u00e9s<\/a><\/span><span data-ccp-props=\"{\"134233117\":true,\"134233118\":true,\"201341983\":0,\"335551550\":6,\"335551620\":6,\"335559740\":240}\"> <\/span><span data-ccp-props=\"{\"134233117\":true,\"134233118\":true,\"201341983\":0,\"335551550\":6,\"335551620\":6,\"335559740\":240}\"><\/span><span data-ccp-props=\"{\"134233117\":true,\"134233118\":true,\"201341983\":0,\"335551550\":6,\"335551620\":6,\"335559740\":240}\"><\/span><\/p>\n<p><a class=\"egd-linc-tx\" href=\"https:\/\/www.gabinetecomunicacionyeducacion.com\/es\/proyectos-transferencia\/pandemials-no-estas-solo-palabras-para-comprender-y-gestionar-la-soledad-en\">Visitar el projecte Pademials a la web del Gabinet de Comunicaci\u00f3 i Educaci\u00f3<\/a>[\/et_pb_blurb][et_pb_blurb title=&#8221;Planeta Campus: Paraules d&#8217;impacte que construeixen i creen&#8221; url=&#8221;@ET-DC@eyJkeW5hbWljIjp0cnVlLCJjb250ZW50IjoicG9zdF9saW5rX3VybF9wYWdlIiwic2V0dGluZ3MiOnsicG9zdF9pZCI6IjE0In19@&#8221; image=&#8221;https:\/\/el-gran-dialogo.gabinetecomunicacionyeducacion.com\/wp-content\/uploads\/2025\/02\/Captura-de-pantalla-2025-02-04-a-las-19.01.41.png&#8221; icon_placement=&#8221;left&#8221; image_icon_width=&#8221;190px&#8221; icon_placement_tablet=&#8221;left&#8221; icon_placement_phone=&#8221;top&#8221; icon_placement_last_edited=&#8221;on|phone&#8221; image_icon_width_tablet=&#8221;175px&#8221; image_icon_width_phone=&#8221;200px&#8221; image_icon_width_last_edited=&#8221;on|phone&#8221; _builder_version=&#8221;4.27.4&#8243; _dynamic_attributes=&#8221;url&#8221; _module_preset=&#8221;default&#8221; header_font=&#8221;||||||||&#8221; header_font_size=&#8221;25px&#8221; body_font_size=&#8221;14px&#8221; body_line_height=&#8221;20px&#8221; background_color=&#8221;#FFFFFF&#8221; custom_padding=&#8221;30px|30px|30px|30px|true|true&#8221; header_font_size_tablet=&#8221;25px&#8221; header_font_size_phone=&#8221;20px&#8221; header_font_size_last_edited=&#8221;on|phone&#8221; border_radii=&#8221;on|25px|25px|25px|25px&#8221; global_colors_info=&#8221;{}&#8221;]<span data-contrast=\"none\"><\/span>Planeta Campus: Paraules d&#8217;impacte que construeixen i creen, convida a reflexionar sobre temes com la sostenibilitat, l&#8217;humanisme digital i la cultura de pau. El projecte cerca enfortir la relaci\u00f3 entre les universitats i la societat mitjan\u00e7ant un debat interdisciplinari. <a class=\"egd-black-lin\" href=\"https:\/\/el-gran-dialogo.gabinetecomunicacionyeducacion.com\/ca\/planeta-campus\/\">Veure m\u00e9s<\/a><\/p>\n<p><a class=\"egd-linc-tx\" href=\"https:\/\/www.gabinetecomunicacionyeducacion.com\/es\/proyectos-transferencia\/planeta-campus-palabras-de-impacto-que-construyen-y-crean\">Visitar el projecte Planeta Campus a la web del Gabinet de Comunicaci\u00f3 i Educaci\u00f3<\/a>[\/et_pb_blurb][\/et_pb_column][\/et_pb_row][\/et_pb_section][et_pb_section fb_built=&#8221;1&#8243; _builder_version=&#8221;4.27.4&#8243; _module_preset=&#8221;default&#8221; background_enable_color=&#8221;off&#8221; custom_padding=&#8221;50px||50px||true|false&#8221; animation_style=&#8221;fade&#8221; border_color_bottom=&#8221;#d8dbdf&#8221; global_colors_info=&#8221;{}&#8221;][et_pb_row column_structure=&#8221;1_2,1_2&#8243; _builder_version=&#8221;4.27.4&#8243; _module_preset=&#8221;default&#8221; custom_padding=&#8221;0px||0px||true|false&#8221; global_colors_info=&#8221;{}&#8221;][et_pb_column type=&#8221;1_2&#8243; _builder_version=&#8221;4.27.4&#8243; _module_preset=&#8221;default&#8221; global_colors_info=&#8221;{}&#8221;][et_pb_image src=&#8221;https:\/\/el-gran-dialogo.gabinetecomunicacionyeducacion.com\/wp-content\/uploads\/2025\/02\/mapa.jpg&#8221; _builder_version=&#8221;4.27.4&#8243; _module_preset=&#8221;default&#8221; global_colors_info=&#8221;{}&#8221;][\/et_pb_image][\/et_pb_column][et_pb_column type=&#8221;1_2&#8243; _builder_version=&#8221;4.27.4&#8243; _module_preset=&#8221;default&#8221; global_colors_info=&#8221;{}&#8221;][et_pb_text _builder_version=&#8221;4.27.4&#8243; _module_preset=&#8221;default&#8221; text_font=&#8221;|700|||||||&#8221; text_font_size=&#8221;20px&#8221; text_line_height=&#8221;28px&#8221; header_2_font=&#8221;||||||||&#8221; header_2_font_size=&#8221;54px&#8221; custom_padding=&#8221;25%||||false|false&#8221; custom_padding_tablet=&#8221;0%||||false|false&#8221; custom_padding_phone=&#8221;0%||||false|false&#8221; custom_padding_last_edited=&#8221;on|phone&#8221; header_2_font_size_tablet=&#8221;54px&#8221; header_2_font_size_phone=&#8221;50px&#8221; header_2_font_size_last_edited=&#8221;on|phone&#8221; global_colors_info=&#8221;{}&#8221;]<\/p>\n<h2>Pa\u00efsos participants<\/h2>\n<p>[\/et_pb_text][et_pb_text _builder_version=&#8221;4.27.4&#8243; _module_preset=&#8221;default&#8221; text_font=&#8221;|&#8211;et_global_body_font_weight|||||||&#8221; text_font_size=&#8221;20px&#8221; text_line_height=&#8221;28px&#8221; global_colors_info=&#8221;{}&#8221;]<\/p>\n<p><b><span data-contrast=\"none\">El projecte es dirigeix \u200b\u200bal context iberoameric\u00e0<br \/><\/span><\/b><\/p>\n<p>[\/et_pb_text][et_pb_text _builder_version=&#8221;4.27.4&#8243; _module_preset=&#8221;default&#8221; text_font=&#8221;|&#8211;et_global_body_font_weight|||||||&#8221; text_font_size=&#8221;20px&#8221; text_line_height=&#8221;28px&#8221; global_colors_info=&#8221;{}&#8221;]<a class=\"egd-bt\" href=\"https:\/\/docs.google.com\/forms\/d\/e\/1FAIpQLSfMBeimMjNlu_pVwF8x6Oh7NatbEIVvEd4TwV5GKtqhZOrasg\/viewform\">Inscriu-te<\/a>[\/et_pb_text][\/et_pb_column][\/et_pb_row][\/et_pb_section][et_pb_section fb_built=&#8221;1&#8243; _builder_version=&#8221;4.27.4&#8243; _module_preset=&#8221;default&#8221; background_color=&#8221;#f3f3f3&#8243; custom_padding=&#8221;50px||||false|false&#8221; global_colors_info=&#8221;{}&#8221;][et_pb_row _builder_version=&#8221;4.27.4&#8243; _module_preset=&#8221;default&#8221; custom_padding=&#8221;0px||||false|false&#8221; global_colors_info=&#8221;{}&#8221;][et_pb_column type=&#8221;4_4&#8243; _builder_version=&#8221;4.27.4&#8243; _module_preset=&#8221;default&#8221; global_colors_info=&#8221;{}&#8221;][et_pb_text _builder_version=&#8221;4.27.4&#8243; _module_preset=&#8221;default&#8221; header_2_font=&#8221;||||||||&#8221; header_2_font_size=&#8221;54px&#8221; header_2_line_height=&#8221;1.2em&#8221; header_2_font_size_tablet=&#8221;43px&#8221; header_2_font_size_phone=&#8221;42px&#8221; header_2_font_size_last_edited=&#8221;on|phone&#8221; global_colors_info=&#8221;{}&#8221;]<\/p>\n<h2>Benvinguts a &#8216;El Gran Di\u00e0leg&#8217;!<\/h2>\n<p>[\/et_pb_text][et_pb_code _builder_version=&#8221;4.27.4&#8243; _module_preset=&#8221;default&#8221; global_colors_info=&#8221;{}&#8221;]<iframe loading=\"lazy\" width=\"560\" height=\"315\" src=\"https:\/\/www.youtube.com\/embed\/GGcaspXa7TQ?si=FbgzZi71U8gOrynx?modestbranding=1&#038;rel=0\" title=\"YouTube v\u00eddeo player\" frameborder=\"0\" allow=\"accelerometer; autoplay; clipboard-write; encrypted-media; gyroscope; picture-in-picture; web-share\" referrerpolicy=\"strict-origin-when-cross-origin\" allowfullscreen=\"\"><\/iframe>[\/et_pb_code][\/et_pb_column][\/et_pb_row][\/et_pb_section][et_pb_section fb_built=&#8221;1&#8243; _builder_version=&#8221;4.27.4&#8243; _module_preset=&#8221;default&#8221; background_enable_image=&#8221;off&#8221; background_size=&#8221;initial&#8221; background_position=&#8221;bottom_left&#8221; custom_padding=&#8221;0px||0px||true|false&#8221; global_colors_info=&#8221;{}&#8221;][et_pb_row custom_padding_last_edited=&#8221;on|phone&#8221; _builder_version=&#8221;4.27.4&#8243; _module_preset=&#8221;default&#8221; custom_padding=&#8221;50px||50px||true|false&#8221; custom_padding_tablet=&#8221;50px|20px|50px|20px|true|true&#8221; custom_padding_phone=&#8221;50px|20px|50px|20px|true|true&#8221; global_colors_info=&#8221;{}&#8221;][et_pb_column type=&#8221;4_4&#8243; _builder_version=&#8221;4.27.4&#8243; _module_preset=&#8221;default&#8221; global_colors_info=&#8221;{}&#8221;][et_pb_text _builder_version=&#8221;4.27.4&#8243; _module_preset=&#8221;default&#8221; header_2_font=&#8221;||||||||&#8221; header_2_font_size=&#8221;54px&#8221; header_2_font_size_tablet=&#8221;50px&#8221; header_2_font_size_phone=&#8221;43px&#8221; header_2_font_size_last_edited=&#8221;on|phone&#8221; global_colors_info=&#8221;{}&#8221;]<\/p>\n<h2>Not\u00edcies<\/h2>\n<p>[\/et_pb_text][et_pb_blog posts_number=&#8221;4&#8243; include_categories=&#8221;9&#8243; show_more=&#8221;on&#8221; show_author=&#8221;off&#8221; show_date=&#8221;off&#8221; show_categories=&#8221;off&#8221; show_excerpt=&#8221;off&#8221; show_pagination=&#8221;off&#8221; _builder_version=&#8221;4.27.4&#8243; _module_preset=&#8221;default&#8221; hover_enabled=&#8221;0&#8243; custom_css_main_element=&#8221;column-count: 2;||column-gap: 60px;&#8221; global_colors_info=&#8221;{}&#8221; custom_css_main_element_last_edited=&#8221;on|phone&#8221; custom_css_main_element_tablet=&#8221;column-count: 1;&#8221; custom_css_main_element_phone=&#8221;column-count: 1;&#8221; sticky_enabled=&#8221;0&#8243;][\/et_pb_blog][et_pb_code _builder_version=&#8221;4.27.4&#8243; _module_preset=&#8221;default&#8221; global_colors_info=&#8221;{}&#8221;]<script><!-- [et_pb_line_break_holder] -->(function ($) {<!-- [et_pb_line_break_holder] -->  $(document).on(\"ready ajaxComplete\", function () {<!-- [et_pb_line_break_holder] -->    $(\".et_pb_post a.more-link\").html(\"Llegir m\u00e9s\");<!-- [et_pb_line_break_holder] -->  });<!-- [et_pb_line_break_holder] -->})(jQuery);<!-- [et_pb_line_break_holder] --><\/script>[\/et_pb_code][\/et_pb_column][\/et_pb_row][\/et_pb_section]<\/p>\n","protected":false},"excerpt":{"rendered":"<p>El gran di\u00e0legEl Gabinet de Comunicaci\u00f3 i Educaci\u00f3 de la Universitat Aut\u00f2noma de Barcelona (UAB) , sota la direcci\u00f3 de Santiago Tejedor i amb el suport del Departament de Recerca i Universitats de la Generalitat de Catalunya , presenta &#8216;El gran di\u00e0leg&#8217;.Qu\u00e8 \u00e9s &#8216;El gran di\u00e0leg &#8216;?Una s\u00e8rie de 14 trobades virtuals per discutir temes [&hellip;]<\/p>\n","protected":false},"author":2,"featured_media":0,"parent":0,"menu_order":0,"comment_status":"closed","ping_status":"closed","template":"","meta":{"_et_pb_use_builder":"on","_et_pb_old_content":"","_et_gb_content_width":"","footnotes":""},"class_list":["post-551","page","type-page","status-publish","hentry"],"jetpack_sharing_enabled":true,"_links":{"self":[{"href":"https:\/\/el-gran-dialogo.gabinetecomunicacionyeducacion.com\/ca\/wp-json\/wp\/v2\/pages\/551","targetHints":{"allow":["GET"]}}],"collection":[{"href":"https:\/\/el-gran-dialogo.gabinetecomunicacionyeducacion.com\/ca\/wp-json\/wp\/v2\/pages"}],"about":[{"href":"https:\/\/el-gran-dialogo.gabinetecomunicacionyeducacion.com\/ca\/wp-json\/wp\/v2\/types\/page"}],"author":[{"embeddable":true,"href":"https:\/\/el-gran-dialogo.gabinetecomunicacionyeducacion.com\/ca\/wp-json\/wp\/v2\/users\/2"}],"replies":[{"embeddable":true,"href":"https:\/\/el-gran-dialogo.gabinetecomunicacionyeducacion.com\/ca\/wp-json\/wp\/v2\/comments?post=551"}],"version-history":[{"count":30,"href":"https:\/\/el-gran-dialogo.gabinetecomunicacionyeducacion.com\/ca\/wp-json\/wp\/v2\/pages\/551\/revisions"}],"predecessor-version":[{"id":1791,"href":"https:\/\/el-gran-dialogo.gabinetecomunicacionyeducacion.com\/ca\/wp-json\/wp\/v2\/pages\/551\/revisions\/1791"}],"wp:attachment":[{"href":"https:\/\/el-gran-dialogo.gabinetecomunicacionyeducacion.com\/ca\/wp-json\/wp\/v2\/media?parent=551"}],"curies":[{"name":"wp","href":"https:\/\/api.w.org\/{rel}","templated":true}]}}