{"id":504,"date":"2025-02-03T16:15:58","date_gmt":"2025-02-03T15:15:58","guid":{"rendered":"https:\/\/el-gran-dialogo.gabinetecomunicacionyeducacion.com\/planeta-campus\/"},"modified":"2025-10-02T13:27:45","modified_gmt":"2025-10-02T11:27:45","slug":"planeta-campus","status":"publish","type":"page","link":"https:\/\/el-gran-dialogo.gabinetecomunicacionyeducacion.com\/ca\/planeta-campus\/","title":{"rendered":"Planeta Campus"},"content":{"rendered":"<p>[et_pb_section fb_built=&#8221;1&#8243; _builder_version=&#8221;4.27.4&#8243; _module_preset=&#8221;default&#8221; background_image=&#8221;https:\/\/el-gran-dialogo.gabinetecomunicacionyeducacion.com\/wp-content\/uploads\/2025\/02\/Captura_de_pantalla_2025-02-06_a_las_14.24.02-removebg-preview.png&#8221; background_size=&#8221;initial&#8221; background_position=&#8221;top_right&#8221; custom_padding=&#8221;0px||0px||true|false&#8221; animation_style=&#8221;slide&#8221; animation_direction=&#8221;top&#8221; animation_intensity_slide=&#8221;1%&#8221; global_colors_info=&#8221;{}&#8221;][et_pb_row column_structure=&#8221;3_5,2_5&#8243; use_custom_gutter=&#8221;on&#8221; gutter_width=&#8221;2&#8243; make_equal=&#8221;on&#8221; _builder_version=&#8221;4.27.4&#8243; _module_preset=&#8221;default&#8221; custom_padding=&#8221;50px||50px||true|true&#8221; global_colors_info=&#8221;{}&#8221;][et_pb_column type=&#8221;3_5&#8243; _builder_version=&#8221;4.27.4&#8243; _module_preset=&#8221;default&#8221; global_colors_info=&#8221;{}&#8221;][et_pb_text _builder_version=&#8221;4.27.4&#8243; _module_preset=&#8221;default&#8221; header_2_font=&#8221;||||||||&#8221; header_2_font_size=&#8221;90px&#8221; custom_margin=&#8221;||0px||false|false&#8221; custom_padding=&#8221;||||false|false&#8221; header_2_font_size_tablet=&#8221;85px&#8221; header_2_font_size_phone=&#8221;54px&#8221; header_2_font_size_last_edited=&#8221;on|phone&#8221; global_colors_info=&#8221;{}&#8221;]<\/p>\n<h2>Planeta Campus<\/h2>\n<p>[\/et_pb_text][et_pb_text _builder_version=&#8221;4.27.4&#8243; _module_preset=&#8221;default&#8221; header_2_font=&#8221;||||||||&#8221; header_2_font_size=&#8221;30px&#8221; header_2_line_height=&#8221;1.2em&#8221; max_width=&#8221;500px&#8221; custom_margin=&#8221;||||false|false&#8221; header_2_font_size_tablet=&#8221;30px&#8221; header_2_font_size_phone=&#8221;25px&#8221; header_2_font_size_last_edited=&#8221;on|phone&#8221; global_colors_info=&#8221;{}&#8221;]<\/p>\n<h2>Paraules d&#8217;impacte que construexien i creen<\/h2>\n<p>[\/et_pb_text][et_pb_image src=&#8221;https:\/\/el-gran-dialogo.gabinetecomunicacionyeducacion.com\/wp-content\/uploads\/2025\/02\/logo-pl-ca.jpg&#8221; _builder_version=&#8221;4.27.4&#8243; _module_preset=&#8221;default&#8221; max_width=&#8221;330px&#8221; custom_margin=&#8221;40px||||false|false&#8221; global_colors_info=&#8221;{}&#8221;][\/et_pb_image][\/et_pb_column][et_pb_column type=&#8221;2_5&#8243; module_class=&#8221;egd-col-42&#8243; _builder_version=&#8221;4.27.4&#8243; _module_preset=&#8221;default&#8221; global_colors_info=&#8221;{}&#8221;][et_pb_text _builder_version=&#8221;4.27.4&#8243; _module_preset=&#8221;default&#8221; custom_margin=&#8221;10px||||false|false&#8221; global_colors_info=&#8221;{}&#8221;]<\/p>\n<p>&#8216;Planeta Campus: Paraules d&#8217;impacte que construeixen i creen&#8217; deriva de \u202fla convocat\u00f2ria d&#8217;ajuts per a projectes amb impacte social del sistema universitari i de recerca de Catalunya \u202f(IMPACTE 2023) i est\u00e0 finan\u00e7ada per l\u2019Ag\u00e8ncia de Gesti\u00f3 d&#8217;Ajuts Universitaris i de Recerca (AGAUR), amb el suport del Departament d \u2018Investigaci\u00f3 i Universitats de la Generalitat de Catalunya.<\/p>\n<p>.<\/p>\n<p>Aquesta iniciativa cerca\u202f articular un gran di\u00e0leg global en el qual participaran m\u00e9s de\u202f<strong>10 universitats<\/strong> \u202fde diferents pa\u00efsos de <strong>l&#8217;\u00e0rea \u202f iberoamericana<\/strong>\u202f sota el lideratge de la UAB. El projecte pret\u00e9n que professors, estudiants, experts i la ciutadania en el seu conjunt reflexionin i debatin sobre quatre grans viatges: <strong>el de la pau, el viatge a l&#8217;altre, el viatge a la sostenibilitat i el viatge al futur.<\/strong> D&#8217;aquesta manera, es construir\u00e0 un \u202f<strong>di\u00e0leg horitzontal, col\u00b7laboratiu i obert<\/strong>\u202f al voltant de grans desafiaments que ens interpel\u00b7len com a acad\u00e8mia i com a ciutadania.<\/p>\n<p>Les l\u00ednies tem\u00e0tiques seran presentades i discutides a trav\u00e9s de\u202f <strong>quatre seminaris virtuals<\/strong> \u202fd&#8217;acc\u00e9s obert i gratu\u00eft. Amb ells,\u202f Planeta Campus \u202fpret\u00e9n afavorir la reflexi\u00f3 i la cooperaci\u00f3 en l&#8217;\u00e0mbit local, a partir de l&#8217;an\u00e0lisi d&#8217;experi\u00e8ncies globals. Es tracta de visibilitzar els reptes compartits pels habitants del nostre planeta per a identificar possibles solucions i l\u00ednies de recerca i reflexi\u00f3 conjunta. Des de les petites accions, es poden aconseguir grans assoliments.<\/p>\n<p>[\/et_pb_text][\/et_pb_column][\/et_pb_row][\/et_pb_section][et_pb_section fb_built=&#8221;1&#8243; custom_padding_last_edited=&#8221;on|phone&#8221; _builder_version=&#8221;4.27.4&#8243; _module_preset=&#8221;default&#8221; background_color=&#8221;#fff7f4&#8243; custom_padding=&#8221;0px||0px||true|false&#8221; custom_padding_tablet=&#8221;0px||0px||true|false&#8221; custom_padding_phone=&#8221;0px||0px||true|false&#8221; global_colors_info=&#8221;{}&#8221;][et_pb_row custom_padding_last_edited=&#8221;on|phone&#8221; _builder_version=&#8221;4.27.4&#8243; _module_preset=&#8221;default&#8221; max_width=&#8221;960px&#8221; max_width_tablet=&#8221;950px&#8221; max_width_phone=&#8221;950px&#8221; max_width_last_edited=&#8221;on|phone&#8221; module_alignment=&#8221;center&#8221; custom_margin=&#8221;||||false|false&#8221; custom_padding=&#8221;50px|20px|50px|20px|true|true&#8221; custom_padding_tablet=&#8221;||||false|false&#8221; custom_padding_phone=&#8221;||||false|false&#8221; module_alignment_tablet=&#8221;center&#8221; module_alignment_phone=&#8221;center&#8221; module_alignment_last_edited=&#8221;on|tablet&#8221; global_colors_info=&#8221;{}&#8221;][et_pb_column type=&#8221;4_4&#8243; _builder_version=&#8221;4.27.4&#8243; _module_preset=&#8221;default&#8221; global_colors_info=&#8221;{}&#8221;][et_pb_text _builder_version=&#8221;4.27.4&#8243; _module_preset=&#8221;default&#8221; text_font=&#8221;|700|||||||&#8221; text_font_size=&#8221;20px&#8221; text_line_height=&#8221;28px&#8221; header_2_font=&#8221;||||||||&#8221; header_2_text_align=&#8221;center&#8221; header_2_font_size=&#8221;54px&#8221; custom_padding=&#8221;||||false|false&#8221; header_2_text_align_tablet=&#8221;center&#8221; header_2_text_align_phone=&#8221;left&#8221; header_2_text_align_last_edited=&#8221;on|phone&#8221; header_2_font_size_tablet=&#8221;54px&#8221; header_2_font_size_phone=&#8221;40px&#8221; header_2_font_size_last_edited=&#8221;on|phone&#8221; global_colors_info=&#8221;{}&#8221;]<\/p>\n<h2>Antecedents<\/h2>\n<p>[\/et_pb_text][et_pb_text _builder_version=&#8221;4.27.4&#8243; _module_preset=&#8221;default&#8221; text_font_size=&#8221;20px&#8221; text_line_height=&#8221;26px&#8221; text_orientation=&#8221;center&#8221; module_alignment=&#8221;center&#8221; text_font_size_tablet=&#8221;20px&#8221; text_font_size_phone=&#8221;16px&#8221; text_font_size_last_edited=&#8221;on|phone&#8221; text_orientation_tablet=&#8221;center&#8221; text_orientation_phone=&#8221;left&#8221; text_orientation_last_edited=&#8221;on|phone&#8221; global_colors_info=&#8221;{}&#8221;]<\/p>\n<p>L&#8217;any 2020, el <strong>Gabinet de Comunicaci\u00f3 i Educaci\u00f3<\/strong> de la <strong>UAB<\/strong>, va presentar la iniciativa <a href=\"https:\/\/www.gabinetecomunicacionyeducacion.com\/es\/proyectos\/planeta-uab\"><i><span style=\"color: #e25d1f;\">Planeta UAB: El viatge a l&#8217;altre \u2013 Iguals en les difer\u00e8ncies<\/span><\/i><\/a>, un projecte multidisciplinari que va posar en valor la \u202finterculturalitat\u202f i la \u202fdiversitat d&#8217;idees\u202fque conviuen al campus. Les \u202ffacultats de Ci\u00e8ncies de la Comunicaci\u00f3, Veterin\u00e0ria i Dret \u202fvan ser les promotores d&#8217;aquesta iniciativa amb la qual busquen \u202fgenerar consci\u00e8ncia cr\u00edtica \u202fen la comunitat universit\u00e0ria. La idea que va donar vida al projecte va ser la concepci\u00f3 del campus\u202f com un \u201cplaneta\u201d, on tots els punts de vista i totes les visions s\u00f3n de gran valor i import\u00e0ncia. D&#8217;aquesta manera,\u202f es realitzen una s\u00e8rie d&#8217;activitats i accions de sensibilitzaci\u00f3 sobre temes rellevants com la \u202fcultura de pau, la\u202f sostenibilitat, el medi ambient, la \u202finterculturalitat, els canvis i la transformaci\u00f3.<\/p>\n<p>[\/et_pb_text][\/et_pb_column][\/et_pb_row][\/et_pb_section][et_pb_section fb_built=&#8221;1&#8243; _builder_version=&#8221;4.27.4&#8243; _module_preset=&#8221;default&#8221; background_image=&#8221;https:\/\/el-gran-dialogo.gabinetecomunicacionyeducacion.com\/wp-content\/uploads\/2025\/02\/Captura_de_pantalla_2025-02-06_a_las_14.24.22-removebg-preview.png&#8221; background_size=&#8221;initial&#8221; background_position=&#8221;bottom_left&#8221; custom_padding=&#8221;0px||0px||true|false&#8221; global_colors_info=&#8221;{}&#8221;][et_pb_row custom_padding_last_edited=&#8221;on|phone&#8221; _builder_version=&#8221;4.27.4&#8243; _module_preset=&#8221;default&#8221; custom_padding=&#8221;50px||20px||false|true&#8221; custom_padding_tablet=&#8221;50px|20px|50px|20px|true|true&#8221; custom_padding_phone=&#8221;50px|20px|50px|20px|true|true&#8221; global_colors_info=&#8221;{}&#8221;][et_pb_column type=&#8221;4_4&#8243; _builder_version=&#8221;4.27.4&#8243; _module_preset=&#8221;default&#8221; global_colors_info=&#8221;{}&#8221;][et_pb_text _builder_version=&#8221;4.27.4&#8243; _module_preset=&#8221;default&#8221; text_font=&#8221;|700|||||||&#8221; text_font_size=&#8221;20px&#8221; text_line_height=&#8221;28px&#8221; header_2_font=&#8221;||||||||&#8221; header_2_text_align=&#8221;left&#8221; header_2_font_size=&#8221;54px&#8221; custom_padding=&#8221;||||false|false&#8221; header_2_text_align_phone=&#8221;left&#8221; header_2_text_align_last_edited=&#8221;off|desktop&#8221; header_2_text_color_tablet=&#8221;&#8221; header_2_text_color_phone=&#8221;&#8221; header_2_text_color_last_edited=&#8221;on|phone&#8221; header_2_font_size_tablet=&#8221;54px&#8221; header_2_font_size_phone=&#8221;40px&#8221; header_2_font_size_last_edited=&#8221;on|phone&#8221; global_colors_info=&#8221;{}&#8221;]<\/p>\n<h2>Di\u00e0legs<\/h2>\n<p>[\/et_pb_text][et_pb_blog include_categories=&#8221;51&#8243; show_more=&#8221;on&#8221; show_author=&#8221;off&#8221; show_date=&#8221;off&#8221; show_categories=&#8221;off&#8221; show_excerpt=&#8221;off&#8221; module_class=&#8221;posts-destacado-one&#8221; _builder_version=&#8221;4.27.4&#8243; _module_preset=&#8221;default&#8221; global_colors_info=&#8221;{}&#8221;][\/et_pb_blog][et_pb_code _builder_version=&#8221;4.27.4&#8243; _module_preset=&#8221;default&#8221; global_colors_info=&#8221;{}&#8221;]<script><!-- [et_pb_line_break_holder] -->(function ($) {<!-- [et_pb_line_break_holder] -->  $(document).on(\"ready ajaxComplete\", function () {<!-- [et_pb_line_break_holder] -->    $(\".et_pb_post a.more-link\").html(\"Llegir m\u00e9s\");<!-- [et_pb_line_break_holder] -->  });<!-- [et_pb_line_break_holder] -->})(jQuery);<!-- [et_pb_line_break_holder] --><\/script>[\/et_pb_code][\/et_pb_column][\/et_pb_row][\/et_pb_section]<\/p>\n","protected":false},"excerpt":{"rendered":"<p>Planeta CampusParaules d&#8217;impacte que construexien i creen&#8217;Planeta Campus: Paraules d&#8217;impacte que construeixen i creen&#8217; deriva de \u202fla convocat\u00f2ria d&#8217;ajuts per a projectes amb impacte social del sistema universitari i de recerca de Catalunya \u202f(IMPACTE 2023) i est\u00e0 finan\u00e7ada per l\u2019Ag\u00e8ncia de Gesti\u00f3 d&#8217;Ajuts Universitaris i de Recerca (AGAUR), amb el suport del Departament d \u2018Investigaci\u00f3 [&hellip;]<\/p>\n","protected":false},"author":2,"featured_media":0,"parent":0,"menu_order":0,"comment_status":"closed","ping_status":"closed","template":"","meta":{"_et_pb_use_builder":"on","_et_pb_old_content":"","_et_gb_content_width":"","footnotes":""},"class_list":["post-504","page","type-page","status-publish","hentry"],"jetpack_sharing_enabled":true,"_links":{"self":[{"href":"https:\/\/el-gran-dialogo.gabinetecomunicacionyeducacion.com\/ca\/wp-json\/wp\/v2\/pages\/504","targetHints":{"allow":["GET"]}}],"collection":[{"href":"https:\/\/el-gran-dialogo.gabinetecomunicacionyeducacion.com\/ca\/wp-json\/wp\/v2\/pages"}],"about":[{"href":"https:\/\/el-gran-dialogo.gabinetecomunicacionyeducacion.com\/ca\/wp-json\/wp\/v2\/types\/page"}],"author":[{"embeddable":true,"href":"https:\/\/el-gran-dialogo.gabinetecomunicacionyeducacion.com\/ca\/wp-json\/wp\/v2\/users\/2"}],"replies":[{"embeddable":true,"href":"https:\/\/el-gran-dialogo.gabinetecomunicacionyeducacion.com\/ca\/wp-json\/wp\/v2\/comments?post=504"}],"version-history":[{"count":15,"href":"https:\/\/el-gran-dialogo.gabinetecomunicacionyeducacion.com\/ca\/wp-json\/wp\/v2\/pages\/504\/revisions"}],"predecessor-version":[{"id":2054,"href":"https:\/\/el-gran-dialogo.gabinetecomunicacionyeducacion.com\/ca\/wp-json\/wp\/v2\/pages\/504\/revisions\/2054"}],"wp:attachment":[{"href":"https:\/\/el-gran-dialogo.gabinetecomunicacionyeducacion.com\/ca\/wp-json\/wp\/v2\/media?parent=504"}],"curies":[{"name":"wp","href":"https:\/\/api.w.org\/{rel}","templated":true}]}}