{"id":503,"date":"2025-02-03T16:15:24","date_gmt":"2025-02-03T15:15:24","guid":{"rendered":"https:\/\/el-gran-dialogo.gabinetecomunicacionyeducacion.com\/pandemials\/"},"modified":"2025-12-11T13:06:26","modified_gmt":"2025-12-11T12:06:26","slug":"pandemials","status":"publish","type":"page","link":"https:\/\/el-gran-dialogo.gabinetecomunicacionyeducacion.com\/ca\/pandemials\/","title":{"rendered":"Pandemials"},"content":{"rendered":"<p>[et_pb_section fb_built=&#8221;1&#8243; _builder_version=&#8221;4.27.4&#8243; _module_preset=&#8221;default&#8221; background_image=&#8221;https:\/\/el-gran-dialogo.gabinetecomunicacionyeducacion.com\/wp-content\/uploads\/2025\/02\/Captura_de_pantalla_2025-02-05_a_las_23.04.07-removebg-preview.png&#8221; background_size=&#8221;contain&#8221; background_position=&#8221;top_center&#8221; custom_padding=&#8221;0px||0px||true|false&#8221; animation_style=&#8221;slide&#8221; animation_direction=&#8221;top&#8221; animation_intensity_slide=&#8221;1%&#8221; global_colors_info=&#8221;{}&#8221;][et_pb_row column_structure=&#8221;3_5,2_5&#8243; use_custom_gutter=&#8221;on&#8221; gutter_width=&#8221;2&#8243; make_equal=&#8221;on&#8221; _builder_version=&#8221;4.27.4&#8243; _module_preset=&#8221;default&#8221; custom_padding=&#8221;50px||50px||true|true&#8221; global_colors_info=&#8221;{}&#8221;][et_pb_column type=&#8221;3_5&#8243; _builder_version=&#8221;4.27.4&#8243; _module_preset=&#8221;default&#8221; global_colors_info=&#8221;{}&#8221;][et_pb_text _builder_version=&#8221;4.27.4&#8243; _module_preset=&#8221;default&#8221; header_2_font=&#8221;||||||||&#8221; header_2_font_size=&#8221;90px&#8221; custom_margin=&#8221;||0px||false|false&#8221; custom_padding=&#8221;||||false|false&#8221; header_2_font_size_tablet=&#8221;85px&#8221; header_2_font_size_phone=&#8221;58px&#8221; header_2_font_size_last_edited=&#8221;on|phone&#8221; global_colors_info=&#8221;{}&#8221;]<\/p>\n<h2>Pandemials<\/h2>\n<p>[\/et_pb_text][et_pb_text _builder_version=&#8221;4.27.4&#8243; _module_preset=&#8221;default&#8221; header_2_font=&#8221;||||||||&#8221; header_2_font_size=&#8221;30px&#8221; header_2_line_height=&#8221;1.2em&#8221; max_width=&#8221;500px&#8221; custom_margin=&#8221;||||false|false&#8221; header_2_font_size_tablet=&#8221;30px&#8221; header_2_font_size_phone=&#8221;24px&#8221; header_2_font_size_last_edited=&#8221;on|phone&#8221; global_colors_info=&#8221;{}&#8221;]<\/p>\n<h2>No est\u00e0s sol! Paraules per a comprendre i gestionar la solitud en el sistema universitari<\/h2>\n<p>[\/et_pb_text][et_pb_image src=&#8221;https:\/\/el-gran-dialogo.gabinetecomunicacionyeducacion.com\/wp-content\/uploads\/2025\/02\/logo-pandemials.jpg&#8221; _builder_version=&#8221;4.27.4&#8243; _module_preset=&#8221;default&#8221; max_width=&#8221;350px&#8221; custom_margin=&#8221;40px||||false|false&#8221; global_colors_info=&#8221;{}&#8221;][\/et_pb_image][\/et_pb_column][et_pb_column type=&#8221;2_5&#8243; module_class=&#8221;egd-col-42&#8243; _builder_version=&#8221;4.27.4&#8243; _module_preset=&#8221;default&#8221; global_colors_info=&#8221;{}&#8221;][et_pb_text _builder_version=&#8221;4.27.4&#8243; _module_preset=&#8221;default&#8221; custom_margin=&#8221;10px||||false|false&#8221; global_colors_info=&#8221;{}&#8221;]<\/p>\n<p>&#8216;Pandemials: No est\u00e0s sol! Paraules per a comprendre i gestionar la solitud en el sistema universitari&#8217;,\u202fderiva de la convocat\u00f2ria d\u2019ajuts per a projectes per a la promoci\u00f3 i la millora del benestar emocional i de la salut mental en el sistema universitari i de recerca de Catalunya \u202f(BENESTAR) i est\u00e0 finan\u00e7ada per l\u2019Ag\u00e8ncia de Gesti\u00f3 d&#8217;Ajuts Universitaris i de Recerca (AGAUR), amb el suport del Departament d \u2018Investigaci\u00f3 i Universitats de la Generalitat de Catalunya<i>.<\/i><\/p>\n<p>Aquesta iniciativa busca\u202fproporcionar recursos, reflexions i instruments per a la gesti\u00f3 efica\u00e7 de la soledat en una societat marcada pel protagonisme de les pantalles connectades a Internet. Aquesta din\u00e0mica afecta negativament al benestar emocional i a la salud mental del conjunt de la ciutadania a nivell global. Entre les conseq\u00fc\u00e8ncies: l&#8217;ansietat, la depressi\u00f3, la soledat i la tristesa.<\/p>\n<p>En aquest context, el projecte desenvolupar\u00e0 10 espais virtuals de di\u00e0leg d&#8217;acc\u00e9s lliure dirigit al conjunt de la comunitat iberoamericana, especialment, docents, investigadors i alumnat. Aquests espais de reflexi\u00f3, di\u00e0leg i escolta activa generaran di\u00e0legs amb experts de diferents disciplines. Una desena de pa\u00efsos i m\u00e9s de 10 universitats d&#8217;Espanya i Am\u00e8rica Llatina participaran en aquest gran \u201cdi\u00e0leg\u201d.<\/p>\n<p>[\/et_pb_text][\/et_pb_column][\/et_pb_row][\/et_pb_section][et_pb_section fb_built=&#8221;1&#8243; custom_padding_last_edited=&#8221;on|phone&#8221; _builder_version=&#8221;4.27.4&#8243; _module_preset=&#8221;default&#8221; background_color=&#8221;rgba(173,200,217,0.12)&#8221; custom_padding=&#8221;0px||0px||true|false&#8221; custom_padding_tablet=&#8221;0px||0px||true|false&#8221; custom_padding_phone=&#8221;0px||0px||true|false&#8221; global_colors_info=&#8221;{}&#8221;][et_pb_row custom_padding_last_edited=&#8221;on|phone&#8221; _builder_version=&#8221;4.27.4&#8243; _module_preset=&#8221;default&#8221; max_width=&#8221;950px&#8221; max_width_tablet=&#8221;950px&#8221; max_width_phone=&#8221;950px&#8221; max_width_last_edited=&#8221;on|phone&#8221; module_alignment=&#8221;center&#8221; custom_margin=&#8221;||||false|false&#8221; custom_padding=&#8221;50px|20px|50px|20px|true|true&#8221; custom_padding_tablet=&#8221;||||false|false&#8221; custom_padding_phone=&#8221;||||false|false&#8221; module_alignment_tablet=&#8221;center&#8221; module_alignment_phone=&#8221;center&#8221; module_alignment_last_edited=&#8221;on|tablet&#8221; global_colors_info=&#8221;{}&#8221;][et_pb_column type=&#8221;4_4&#8243; _builder_version=&#8221;4.27.4&#8243; _module_preset=&#8221;default&#8221; global_colors_info=&#8221;{}&#8221;][et_pb_text _builder_version=&#8221;4.27.4&#8243; _module_preset=&#8221;default&#8221; text_font=&#8221;|700|||||||&#8221; text_font_size=&#8221;20px&#8221; text_line_height=&#8221;28px&#8221; header_2_font=&#8221;||||||||&#8221; header_2_text_align=&#8221;center&#8221; header_2_font_size=&#8221;54px&#8221; custom_padding=&#8221;||||false|false&#8221; header_2_text_align_tablet=&#8221;center&#8221; header_2_text_align_phone=&#8221;left&#8221; header_2_text_align_last_edited=&#8221;on|phone&#8221; header_2_font_size_tablet=&#8221;54px&#8221; header_2_font_size_phone=&#8221;40px&#8221; header_2_font_size_last_edited=&#8221;on|phone&#8221; global_colors_info=&#8221;{}&#8221;]<\/p>\n<h2>Antecedents<\/h2>\n<p>[\/et_pb_text][et_pb_text _builder_version=&#8221;4.27.4&#8243; _module_preset=&#8221;default&#8221; text_font_size=&#8221;20px&#8221; text_line_height=&#8221;26px&#8221; text_orientation=&#8221;center&#8221; module_alignment=&#8221;center&#8221; text_font_size_tablet=&#8221;20px&#8221; text_font_size_phone=&#8221;16px&#8221; text_font_size_last_edited=&#8221;on|phone&#8221; text_orientation_tablet=&#8221;center&#8221; text_orientation_phone=&#8221;left&#8221; text_orientation_last_edited=&#8221;on|phone&#8221; global_colors_info=&#8221;{}&#8221;]<\/p>\n<p>L&#8217;any 2022, el <strong>Gabinet de Comunicaci\u00f3 i Educaci\u00f3<\/strong> de la <strong>UAB<\/strong>, va realitzar el projecte de recerca period\u00edstica <a href=\"https:\/\/www.gabinetecomunicacionyeducacion.com\/es\/proyectos\/pandemials\"><i>Pandemials: La adolescencia en tiempo de coronavirus<\/i><\/a>, un treball descriptiu sobre com els adolescents de Barcelona havien viscut l&#8217;etapa de confinament for\u00e7\u00f3s imposat pel coronavirus.<\/p>\n<p>[\/et_pb_text][\/et_pb_column][\/et_pb_row][\/et_pb_section][et_pb_section fb_built=&#8221;1&#8243; _builder_version=&#8221;4.27.4&#8243; _module_preset=&#8221;default&#8221; background_image=&#8221;https:\/\/el-gran-dialogo.gabinetecomunicacionyeducacion.com\/wp-content\/uploads\/2025\/02\/Captura_de_pantalla_2025-02-06_a_las_14.30.42-removebg-preview.png&#8221; background_size=&#8221;initial&#8221; background_position=&#8221;bottom_left&#8221; custom_padding=&#8221;0px||0px||true|false&#8221; global_colors_info=&#8221;{}&#8221;][et_pb_row custom_padding_last_edited=&#8221;on|phone&#8221; _builder_version=&#8221;4.27.4&#8243; _module_preset=&#8221;default&#8221; custom_padding=&#8221;50px||50px||true|true&#8221; custom_padding_tablet=&#8221;50px|20px|50px|20px|true|true&#8221; custom_padding_phone=&#8221;50px|20px|50px|20px|true|true&#8221; global_colors_info=&#8221;{}&#8221;][et_pb_column type=&#8221;4_4&#8243; _builder_version=&#8221;4.27.4&#8243; _module_preset=&#8221;default&#8221; global_colors_info=&#8221;{}&#8221;][et_pb_text _builder_version=&#8221;4.27.4&#8243; _module_preset=&#8221;default&#8221; text_font=&#8221;|700|||||||&#8221; text_font_size=&#8221;20px&#8221; text_line_height=&#8221;28px&#8221; header_2_font=&#8221;||||||||&#8221; header_2_text_align=&#8221;left&#8221; header_2_font_size=&#8221;54px&#8221; custom_padding=&#8221;||||false|false&#8221; header_2_text_align_phone=&#8221;left&#8221; header_2_text_align_last_edited=&#8221;off|desktop&#8221; header_2_text_color_tablet=&#8221;&#8221; header_2_text_color_phone=&#8221;&#8221; header_2_text_color_last_edited=&#8221;on|phone&#8221; header_2_font_size_tablet=&#8221;54px&#8221; header_2_font_size_phone=&#8221;40px&#8221; header_2_font_size_last_edited=&#8221;on|phone&#8221; global_colors_info=&#8221;{}&#8221;]<\/p>\n<h2>Di\u00e0legs<\/h2>\n<p>[\/et_pb_text][et_pb_blog include_categories=&#8221;49&#8243; show_more=&#8221;on&#8221; show_author=&#8221;off&#8221; show_date=&#8221;off&#8221; show_categories=&#8221;off&#8221; show_excerpt=&#8221;off&#8221; module_class=&#8221;posts-destacado-one&#8221; _builder_version=&#8221;4.27.4&#8243; _module_preset=&#8221;default&#8221; global_colors_info=&#8221;{}&#8221; custom_css_main_element_last_edited=&#8221;on|phone&#8221; custom_css_main_element_tablet=&#8221;column-count: 1;&#8221; custom_css_main_element_phone=&#8221;column-count: 1;&#8221;][\/et_pb_blog][et_pb_code _builder_version=&#8221;4.27.4&#8243; _module_preset=&#8221;default&#8221; global_colors_info=&#8221;{}&#8221;]<script><!-- [et_pb_line_break_holder] -->(function ($) {<!-- [et_pb_line_break_holder] -->  $(document).on(\"ready ajaxComplete\", function () {<!-- [et_pb_line_break_holder] -->    $(\".et_pb_post a.more-link\").html(\"Llegir m\u00e9s\");<!-- [et_pb_line_break_holder] -->  });<!-- [et_pb_line_break_holder] -->})(jQuery);<!-- [et_pb_line_break_holder] --><\/script>[\/et_pb_code][\/et_pb_column][\/et_pb_row][\/et_pb_section]<\/p>\n","protected":false},"excerpt":{"rendered":"<p>PandemialsNo est\u00e0s sol! Paraules per a comprendre i gestionar la solitud en el sistema universitari&#8217;Pandemials: No est\u00e0s sol! Paraules per a comprendre i gestionar la solitud en el sistema universitari&#8217;,\u202fderiva de la convocat\u00f2ria d\u2019ajuts per a projectes per a la promoci\u00f3 i la millora del benestar emocional i de la salut mental en el sistema [&hellip;]<\/p>\n","protected":false},"author":2,"featured_media":0,"parent":0,"menu_order":0,"comment_status":"closed","ping_status":"closed","template":"","meta":{"_et_pb_use_builder":"on","_et_pb_old_content":"","_et_gb_content_width":"","footnotes":""},"class_list":["post-503","page","type-page","status-publish","hentry"],"jetpack_sharing_enabled":true,"_links":{"self":[{"href":"https:\/\/el-gran-dialogo.gabinetecomunicacionyeducacion.com\/ca\/wp-json\/wp\/v2\/pages\/503","targetHints":{"allow":["GET"]}}],"collection":[{"href":"https:\/\/el-gran-dialogo.gabinetecomunicacionyeducacion.com\/ca\/wp-json\/wp\/v2\/pages"}],"about":[{"href":"https:\/\/el-gran-dialogo.gabinetecomunicacionyeducacion.com\/ca\/wp-json\/wp\/v2\/types\/page"}],"author":[{"embeddable":true,"href":"https:\/\/el-gran-dialogo.gabinetecomunicacionyeducacion.com\/ca\/wp-json\/wp\/v2\/users\/2"}],"replies":[{"embeddable":true,"href":"https:\/\/el-gran-dialogo.gabinetecomunicacionyeducacion.com\/ca\/wp-json\/wp\/v2\/comments?post=503"}],"version-history":[{"count":24,"href":"https:\/\/el-gran-dialogo.gabinetecomunicacionyeducacion.com\/ca\/wp-json\/wp\/v2\/pages\/503\/revisions"}],"predecessor-version":[{"id":2144,"href":"https:\/\/el-gran-dialogo.gabinetecomunicacionyeducacion.com\/ca\/wp-json\/wp\/v2\/pages\/503\/revisions\/2144"}],"wp:attachment":[{"href":"https:\/\/el-gran-dialogo.gabinetecomunicacionyeducacion.com\/ca\/wp-json\/wp\/v2\/media?parent=503"}],"curies":[{"name":"wp","href":"https:\/\/api.w.org\/{rel}","templated":true}]}}